{"id":96,"date":"2024-09-02T09:59:47","date_gmt":"2024-09-02T09:59:47","guid":{"rendered":"https:\/\/sonixtek.com\/about\/"},"modified":"2024-11-29T15:30:29","modified_gmt":"2024-11-29T15:30:29","slug":"company","status":"publish","type":"page","link":"https:\/\/sonixtek.com\/nl\/company\/","title":{"rendered":"Bedrijf"},"content":{"rendered":"<div data-elementor-type=\"wp-post\" data-elementor-id=\"96\" class=\"elementor elementor-96\">\n\t\t\t\t<div class=\"elementor-element elementor-element-dfdc5a6 e-flex e-con-boxed e-con e-parent\" data-id=\"dfdc5a6\" data-element_type=\"container\" data-settings=\"{&quot;background_background&quot;:&quot;classic&quot;}\">\n\t\t\t\t\t<div class=\"e-con-inner\">\n\t\t<div class=\"elementor-element elementor-element-1eaf493 e-con-full e-flex e-con e-child\" data-id=\"1eaf493\" data-element_type=\"container\">\n\t\t\t\t<div class=\"elementor-element elementor-element-2ea6a7d elementor-widget elementor-widget-heading\" data-id=\"2ea6a7d\" data-element_type=\"widget\" data-widget_type=\"heading.default\">\n\t\t\t\t<div class=\"elementor-widget-container\">\n\t\t\t<style>\/*! elementor - v3.23.0 - 05-08-2024 *\/\n.elementor-heading-title{padding:0;margin:0;line-height:1}.elementor-widget-heading .elementor-heading-title[class*=elementor-size-]>a{color:inherit;font-size:inherit;line-height:inherit}.elementor-widget-heading .elementor-heading-title.elementor-size-small{font-size:15px}.elementor-widget-heading .elementor-heading-title.elementor-size-medium{font-size:19px}.elementor-widget-heading .elementor-heading-title.elementor-size-large{font-size:29px}.elementor-widget-heading .elementor-heading-title.elementor-size-xl{font-size:39px}.elementor-widget-heading .elementor-heading-title.elementor-size-xxl{font-size:59px}<\/style><h1 class=\"elementor-heading-title elementor-size-default\">Bedrijf<\/h1>\t\t<\/div>\n\t\t\t\t<\/div>\n\t\t\t\t<\/div>\n\t\t\t\t\t<\/div>\n\t\t\t\t<\/div>\n\t\t<div class=\"elementor-element elementor-element-748980c e-flex e-con-boxed e-con e-parent\" data-id=\"748980c\" data-element_type=\"container\">\n\t\t\t\t\t<div class=\"e-con-inner\">\n\t\t<div class=\"elementor-element elementor-element-9945606 e-con-full e-flex e-con e-child\" data-id=\"9945606\" data-element_type=\"container\">\n\t\t\t\t<div class=\"elementor-element elementor-element-2c7a0f8 elementor-widget elementor-widget-image-box\" data-id=\"2c7a0f8\" data-element_type=\"widget\" data-widget_type=\"image-box.default\">\n\t\t\t\t<div class=\"elementor-widget-container\">\n\t\t\t<style>\/*! elementor - v3.23.0 - 05-08-2024 *\/\n.elementor-widget-image-box .elementor-image-box-content{width:100%}@media (min-width:768px){.elementor-widget-image-box.elementor-position-left .elementor-image-box-wrapper,.elementor-widget-image-box.elementor-position-right .elementor-image-box-wrapper{display:flex}.elementor-widget-image-box.elementor-position-right .elementor-image-box-wrapper{text-align:end;flex-direction:row-reverse}.elementor-widget-image-box.elementor-position-left .elementor-image-box-wrapper{text-align:start;flex-direction:row}.elementor-widget-image-box.elementor-position-top .elementor-image-box-img{margin:auto}.elementor-widget-image-box.elementor-vertical-align-top .elementor-image-box-wrapper{align-items:flex-start}.elementor-widget-image-box.elementor-vertical-align-middle .elementor-image-box-wrapper{align-items:center}.elementor-widget-image-box.elementor-vertical-align-bottom .elementor-image-box-wrapper{align-items:flex-end}}@media (max-width:767px){.elementor-widget-image-box .elementor-image-box-img{margin-left:auto!important;margin-right:auto!important;margin-bottom:15px}}.elementor-widget-image-box .elementor-image-box-img{display:inline-block}.elementor-widget-image-box .elementor-image-box-title a{color:inherit}.elementor-widget-image-box .elementor-image-box-wrapper{text-align:center}.elementor-widget-image-box .elementor-image-box-description{margin:0}<\/style><div class=\"elementor-image-box-wrapper\"><div class=\"elementor-image-box-content\"><h2 class=\"elementor-image-box-title\">Over Sonixtek<\/h2><p class=\"elementor-image-box-description\">Sonixtek is een van de toonaangevende Europese ISO-gecertificeerde fabrikanten van industri\u00eble ultrasoonmachines, gevestigd in Belgi\u00eb. Het bedrijf werd opgericht in 2006 en produceert sindsdien een breed scala aan industri\u00eble ultrasoonreinigers en bijbehorende accessoires. Dankzij de uitstekende flexibiliteit van haar assemblagefabrieken kan Sonixtek ultrasoonmachines en maatwerkunits leveren die voldoen aan de unieke behoeften van elke klant.  <\/p><\/div><\/div>\t\t<\/div>\n\t\t\t\t<\/div>\n\t\t\t\t<div class=\"elementor-element elementor-element-fe4d709 elementor-widget elementor-widget-text-editor\" data-id=\"fe4d709\" data-element_type=\"widget\" data-widget_type=\"text-editor.default\">\n\t\t\t\t<div class=\"elementor-widget-container\">\n\t\t\t<style>\/*! elementor - v3.23.0 - 05-08-2024 *\/\n.elementor-widget-text-editor.elementor-drop-cap-view-stacked .elementor-drop-cap{background-color:#69727d;color:#fff}.elementor-widget-text-editor.elementor-drop-cap-view-framed .elementor-drop-cap{color:#69727d;border:3px solid;background-color:transparent}.elementor-widget-text-editor:not(.elementor-drop-cap-view-default) .elementor-drop-cap{margin-top:8px}.elementor-widget-text-editor:not(.elementor-drop-cap-view-default) .elementor-drop-cap-letter{width:1em;height:1em}.elementor-widget-text-editor .elementor-drop-cap{float:left;text-align:center;line-height:1;font-size:50px}.elementor-widget-text-editor .elementor-drop-cap-letter{display:inline-block}<\/style>\t\t\t\t<p>Productkwaliteit en klantervaring zijn uiterst belangrijk voor ons. Ons doel is om wereldwijd uitstekende waarde te bieden in duurzame en hoogwaardige industri\u00eble reinigers en diensten, door middel van betekenisvolle, langdurige relaties met onze partners, klanten en afnemers.<\/p>\t\t\t\t\t\t<\/div>\n\t\t\t\t<\/div>\n\t\t\t\t<\/div>\n\t\t<div class=\"elementor-element elementor-element-f499284 e-con-full e-flex e-con e-child\" data-id=\"f499284\" data-element_type=\"container\">\n\t\t\t\t<div class=\"elementor-element elementor-element-12d7e03 elementor-widget elementor-widget-image\" data-id=\"12d7e03\" data-element_type=\"widget\" data-widget_type=\"image.default\">\n\t\t\t\t<div class=\"elementor-widget-container\">\n\t\t\t<style>\/*! elementor - v3.23.0 - 05-08-2024 *\/\n.elementor-widget-image{text-align:center}.elementor-widget-image a{display:inline-block}.elementor-widget-image a img[src$=\".svg\"]{width:48px}.elementor-widget-image img{vertical-align:middle;display:inline-block}<\/style>\t\t\t\t\t\t\t\t\t\t<img fetchpriority=\"high\" decoding=\"async\" width=\"1359\" height=\"796\" src=\"https:\/\/sonixtek.com\/wp-content\/uploads\/2024\/11\/company-04.webp\" class=\"attachment-full size-full wp-image-6294\" alt=\"Sonixtek_Building_Company\" srcset=\"https:\/\/sonixtek.com\/wp-content\/uploads\/2024\/11\/company-04.webp 1359w, https:\/\/sonixtek.com\/wp-content\/uploads\/2024\/11\/company-04-300x176.webp 300w, https:\/\/sonixtek.com\/wp-content\/uploads\/2024\/11\/company-04-1024x600.webp 1024w, https:\/\/sonixtek.com\/wp-content\/uploads\/2024\/11\/company-04-768x450.webp 768w, https:\/\/sonixtek.com\/wp-content\/uploads\/2024\/11\/company-04-18x12.webp 18w, https:\/\/sonixtek.com\/wp-content\/uploads\/2024\/11\/company-04-298x175.webp 298w, https:\/\/sonixtek.com\/wp-content\/uploads\/2024\/11\/company-04-600x351.webp 600w\" sizes=\"(max-width: 1359px) 100vw, 1359px\" \/>\t\t\t\t\t\t\t\t\t\t\t\t\t<\/div>\n\t\t\t\t<\/div>\n\t\t\t\t<\/div>\n\t\t\t\t\t<\/div>\n\t\t\t\t<\/div>\n\t\t\t\t<\/div>","protected":false},"excerpt":{"rendered":"<p>Company About Sonixtek Sonixtek is one of the leading European ISO-certified manufacturers of industrial ultrasonic machines based in Belgium. The company started in 2006 and has since then been manufacturing a wide range of industrial ultrasonic cleaners and related accessories. Thanks to the excellent adaptability of its assembly plants, Sonixtek is able to deliver ultrasonic [&hellip;]<\/p>","protected":false},"author":1,"featured_media":0,"parent":0,"menu_order":0,"comment_status":"closed","ping_status":"closed","template":"","meta":{"_acf_changed":false,"site-sidebar-layout":"no-sidebar","site-content-layout":"page-builder","ast-site-content-layout":"full-width-container","site-content-style":"unboxed","site-sidebar-style":"unboxed","ast-global-header-display":"","ast-banner-title-visibility":"","ast-main-header-display":"","ast-hfb-above-header-display":"","ast-hfb-below-header-display":"","ast-hfb-mobile-header-display":"","site-post-title":"disabled","ast-breadcrumbs-content":"","ast-featured-img":"disabled","footer-sml-layout":"","theme-transparent-header-meta":"disabled","adv-header-id-meta":"","stick-header-meta":"","header-above-stick-meta":"","header-main-stick-meta":"","header-below-stick-meta":"","astra-migrate-meta-layouts":"set","ast-page-background-enabled":"default","ast-page-background-meta":{"desktop":{"background-color":"","background-image":"","background-repeat":"repeat","background-position":"center center","background-size":"auto","background-attachment":"scroll","background-type":"","background-media":"","overlay-type":"","overlay-color":"","overlay-opacity":"","overlay-gradient":""},"tablet":{"background-color":"","background-image":"","background-repeat":"repeat","background-position":"center center","background-size":"auto","background-attachment":"scroll","background-type":"","background-media":"","overlay-type":"","overlay-color":"","overlay-opacity":"","overlay-gradient":""},"mobile":{"background-color":"","background-image":"","background-repeat":"repeat","background-position":"center center","background-size":"auto","background-attachment":"scroll","background-type":"","background-media":"","overlay-type":"","overlay-color":"","overlay-opacity":"","overlay-gradient":""}},"ast-content-background-meta":{"desktop":{"background-color":"var(--ast-global-color-5)","background-image":"","background-repeat":"repeat","background-position":"center center","background-size":"auto","background-attachment":"scroll","background-type":"","background-media":"","overlay-type":"","overlay-color":"","overlay-opacity":"","overlay-gradient":""},"tablet":{"background-color":"var(--ast-global-color-5)","background-image":"","background-repeat":"repeat","background-position":"center center","background-size":"auto","background-attachment":"scroll","background-type":"","background-media":"","overlay-type":"","overlay-color":"","overlay-opacity":"","overlay-gradient":""},"mobile":{"background-color":"var(--ast-global-color-5)","background-image":"","background-repeat":"repeat","background-position":"center center","background-size":"auto","background-attachment":"scroll","background-type":"","background-media":"","overlay-type":"","overlay-color":"","overlay-opacity":"","overlay-gradient":""}},"footnotes":""},"class_list":["post-96","page","type-page","status-publish","hentry"],"acf":[],"_links":{"self":[{"href":"https:\/\/sonixtek.com\/nl\/wp-json\/wp\/v2\/pages\/96","targetHints":{"allow":["GET"]}}],"collection":[{"href":"https:\/\/sonixtek.com\/nl\/wp-json\/wp\/v2\/pages"}],"about":[{"href":"https:\/\/sonixtek.com\/nl\/wp-json\/wp\/v2\/types\/page"}],"author":[{"embeddable":true,"href":"https:\/\/sonixtek.com\/nl\/wp-json\/wp\/v2\/users\/1"}],"replies":[{"embeddable":true,"href":"https:\/\/sonixtek.com\/nl\/wp-json\/wp\/v2\/comments?post=96"}],"version-history":[{"count":0,"href":"https:\/\/sonixtek.com\/nl\/wp-json\/wp\/v2\/pages\/96\/revisions"}],"wp:attachment":[{"href":"https:\/\/sonixtek.com\/nl\/wp-json\/wp\/v2\/media?parent=96"}],"curies":[{"name":"wp","href":"https:\/\/api.w.org\/{rel}","templated":true}]}}