{"id":5638,"date":"2024-09-06T08:18:05","date_gmt":"2024-09-06T08:18:05","guid":{"rendered":"https:\/\/sonixtek.com\/?page_id=5638"},"modified":"2024-11-05T06:09:37","modified_gmt":"2024-11-05T06:09:37","slug":"application","status":"publish","type":"page","link":"https:\/\/sonixtek.com\/it\/application\/","title":{"rendered":"Applicazione"},"content":{"rendered":"<div data-elementor-type=\"wp-post\" data-elementor-id=\"5638\" class=\"elementor elementor-5638\">\n\t\t\t\t<div class=\"elementor-element elementor-element-6cb2a4e e-flex e-con-boxed e-con e-parent\" data-id=\"6cb2a4e\" data-element_type=\"container\" data-settings=\"{&quot;background_background&quot;:&quot;classic&quot;}\">\n\t\t\t\t\t<div class=\"e-con-inner\">\n\t\t<div class=\"elementor-element elementor-element-0d15fa8 e-con-full e-flex e-con e-child\" data-id=\"0d15fa8\" data-element_type=\"container\">\n\t\t\t\t<div class=\"elementor-element elementor-element-8f7943d elementor-widget elementor-widget-heading\" data-id=\"8f7943d\" data-element_type=\"widget\" data-widget_type=\"heading.default\">\n\t\t\t\t<div class=\"elementor-widget-container\">\n\t\t\t<style>\/*! elementor - v3.23.0 - 05-08-2024 *\/\n.elementor-heading-title{padding:0;margin:0;line-height:1}.elementor-widget-heading .elementor-heading-title[class*=elementor-size-]>a{color:inherit;font-size:inherit;line-height:inherit}.elementor-widget-heading .elementor-heading-title.elementor-size-small{font-size:15px}.elementor-widget-heading .elementor-heading-title.elementor-size-medium{font-size:19px}.elementor-widget-heading .elementor-heading-title.elementor-size-large{font-size:29px}.elementor-widget-heading .elementor-heading-title.elementor-size-xl{font-size:39px}.elementor-widget-heading .elementor-heading-title.elementor-size-xxl{font-size:59px}<\/style><h1 class=\"elementor-heading-title elementor-size-default\">Applicazione<\/h1>\t\t<\/div>\n\t\t\t\t<\/div>\n\t\t\t\t<\/div>\n\t\t\t\t\t<\/div>\n\t\t\t\t<\/div>\n\t\t<div class=\"elementor-element elementor-element-4fbfe44 e-flex e-con-boxed e-con e-parent\" data-id=\"4fbfe44\" data-element_type=\"container\" data-settings=\"{&quot;background_background&quot;:&quot;classic&quot;}\">\n\t\t\t\t\t<div class=\"e-con-inner\">\n\t\t<div class=\"elementor-element elementor-element-f9127d2 e-con-full e-flex e-con e-child\" data-id=\"f9127d2\" data-element_type=\"container\" data-settings=\"{&quot;background_background&quot;:&quot;classic&quot;}\">\n\t\t<div class=\"elementor-element elementor-element-f1f3ac0 e-con-full e-flex e-con e-child\" data-id=\"f1f3ac0\" data-element_type=\"container\">\n\t\t\t\t<div class=\"elementor-element elementor-element-e3dca01 elementor-grid-eael-col-3 elementor-grid-tablet-eael-col-2 elementor-grid-mobile-eael-col-1 elementor-widget elementor-widget-eael-post-grid\" data-id=\"e3dca01\" data-element_type=\"widget\" data-settings=\"{&quot;eael_post_grid_columns&quot;:&quot;eael-col-3&quot;,&quot;eael_post_grid_columns_tablet&quot;:&quot;eael-col-2&quot;,&quot;eael_post_grid_columns_mobile&quot;:&quot;eael-col-1&quot;}\" data-widget_type=\"eael-post-grid.default\">\n\t\t\t\t<div class=\"elementor-widget-container\">\n\t\t\t<div id=\"eael-post-grid-e3dca01\" class=\"eael-post-grid-container\">\n            <div class=\"eael-post-grid eael-post-appender eael-post-appender-e3dca01 eael-post-grid-style-three\" data-layout-mode=\"grid\"><article class=\"eael-grid-post eael-post-grid-column\" data-id=\"5618\">\n        <div class=\"eael-grid-post-holder\">\n            <div class=\"eael-grid-post-holder-inner\"><div class=\"eael-entry-media\"><div class=\"eael-entry-overlay fade-in\"><i class=\"fas fa-long-arrow-alt-right\" aria-hidden=\"true\"><\/i><a href=\"https:\/\/sonixtek.com\/it\/application\/aerospace-industry\/\"><\/a><\/div><div class=\"eael-entry-thumbnail eael-image-ratio\">\n                 <img fetchpriority=\"high\" decoding=\"async\" width=\"594\" height=\"467\" src=\"https:\/\/sonixtek.com\/wp-content\/uploads\/2024\/09\/Applications_aerospace-2.webp\" class=\"attachment-full size-full wp-image-7057\" alt=\"\" srcset=\"https:\/\/sonixtek.com\/wp-content\/uploads\/2024\/09\/Applications_aerospace-2.webp 594w, https:\/\/sonixtek.com\/wp-content\/uploads\/2024\/09\/Applications_aerospace-2-300x236.webp 300w, https:\/\/sonixtek.com\/wp-content\/uploads\/2024\/09\/Applications_aerospace-2-15x12.webp 15w, https:\/\/sonixtek.com\/wp-content\/uploads\/2024\/09\/Applications_aerospace-2-298x234.webp 298w\" sizes=\"(max-width: 594px) 100vw, 594px\" \/>\n             <\/div>\n        <\/div><div class=\"eael-entry-wrapper\"><header class=\"eael-entry-header\"><h3 class=\"eael-entry-title\"><a class=\"eael-grid-post-link\" href=\"https:\/\/sonixtek.com\/it\/application\/aerospace-industry\/\" title=\"Industria aerospaziale\">Industria aerospaziale<\/a><\/h3><\/header><div class=\"eael-entry-content\">\n                        <div class=\"eael-grid-post-excerpt\"><p>I pulitori a ultrasuoni sono ampiamente utilizzati nell&#039;industria aerospaziale per la pulizia di una variet\u00e0 di componenti, come pale di turbine, iniettori di carburante e componenti di motori. La tecnologia utilizza onde sonore ad alta frequenza...<\/p><a href=\"https:\/\/sonixtek.com\/it\/application\/aerospace-industry\/\" class=\"eael-post-elements-readmore-btn\">Per saperne di pi\u00f9<\/a><\/div>\n                    <\/div><\/div><\/div>\n        <\/div>\n    <\/article><article class=\"eael-grid-post eael-post-grid-column\" data-id=\"5616\">\n        <div class=\"eael-grid-post-holder\">\n            <div class=\"eael-grid-post-holder-inner\"><div class=\"eael-entry-media\"><div class=\"eael-entry-overlay fade-in\"><i class=\"fas fa-long-arrow-alt-right\" aria-hidden=\"true\"><\/i><a href=\"https:\/\/sonixtek.com\/it\/application\/plastic-sector\/\"><\/a><\/div><div class=\"eael-entry-thumbnail eael-image-ratio\">\n                 <img decoding=\"async\" width=\"593\" height=\"467\" src=\"https:\/\/sonixtek.com\/wp-content\/uploads\/2024\/09\/Applications_plastic-3.webp\" class=\"attachment-full size-full wp-image-7058\" alt=\"\" srcset=\"https:\/\/sonixtek.com\/wp-content\/uploads\/2024\/09\/Applications_plastic-3.webp 593w, https:\/\/sonixtek.com\/wp-content\/uploads\/2024\/09\/Applications_plastic-3-300x236.webp 300w, https:\/\/sonixtek.com\/wp-content\/uploads\/2024\/09\/Applications_plastic-3-15x12.webp 15w, https:\/\/sonixtek.com\/wp-content\/uploads\/2024\/09\/Applications_plastic-3-298x235.webp 298w\" sizes=\"(max-width: 593px) 100vw, 593px\" \/>\n             <\/div>\n        <\/div><div class=\"eael-entry-wrapper\"><header class=\"eael-entry-header\"><h3 class=\"eael-entry-title\"><a class=\"eael-grid-post-link\" href=\"https:\/\/sonixtek.com\/it\/application\/plastic-sector\/\" title=\"Settore della plastica\">Settore della plastica<\/a><\/h3><\/header><div class=\"eael-entry-content\">\n                        <div class=\"eael-grid-post-excerpt\"><p>I pulitori a ultrasuoni sono ampiamente utilizzati nel settore della plastica per la pulizia di stampi, matrici e altre attrezzature utilizzate nella produzione di prodotti in plastica. La tecnologia utilizza onde sonore ad alta frequenza per...<\/p><a href=\"https:\/\/sonixtek.com\/it\/application\/plastic-sector\/\" class=\"eael-post-elements-readmore-btn\">Per saperne di pi\u00f9<\/a><\/div>\n                    <\/div><\/div><\/div>\n        <\/div>\n    <\/article><article class=\"eael-grid-post eael-post-grid-column\" data-id=\"5614\">\n        <div class=\"eael-grid-post-holder\">\n            <div class=\"eael-grid-post-holder-inner\"><div class=\"eael-entry-media\"><div class=\"eael-entry-overlay fade-in\"><i class=\"fas fa-long-arrow-alt-right\" aria-hidden=\"true\"><\/i><a href=\"https:\/\/sonixtek.com\/it\/application\/power-plant-sector\/\"><\/a><\/div><div class=\"eael-entry-thumbnail eael-image-ratio\">\n                 <img decoding=\"async\" width=\"594\" height=\"467\" src=\"https:\/\/sonixtek.com\/wp-content\/uploads\/2024\/09\/Applications_power-plant-2.webp\" class=\"attachment-full size-full wp-image-7059\" alt=\"\" srcset=\"https:\/\/sonixtek.com\/wp-content\/uploads\/2024\/09\/Applications_power-plant-2.webp 594w, https:\/\/sonixtek.com\/wp-content\/uploads\/2024\/09\/Applications_power-plant-2-300x236.webp 300w, https:\/\/sonixtek.com\/wp-content\/uploads\/2024\/09\/Applications_power-plant-2-15x12.webp 15w, https:\/\/sonixtek.com\/wp-content\/uploads\/2024\/09\/Applications_power-plant-2-298x234.webp 298w\" sizes=\"(max-width: 594px) 100vw, 594px\" \/>\n             <\/div>\n        <\/div><div class=\"eael-entry-wrapper\"><header class=\"eael-entry-header\"><h3 class=\"eael-entry-title\"><a class=\"eael-grid-post-link\" href=\"https:\/\/sonixtek.com\/it\/application\/power-plant-sector\/\" title=\"Settore delle centrali elettriche\">Settore delle centrali elettriche<\/a><\/h3><\/header><div class=\"eael-entry-content\">\n                        <div class=\"eael-grid-post-excerpt\"><p>I pulitori a ultrasuoni sono ampiamente utilizzati nel settore delle centrali elettriche per la pulizia di una variet\u00e0 di componenti, come turbine, scambiatori di calore e condensatori. La tecnologia utilizza onde sonore ad alta frequenza per...<\/p><a href=\"https:\/\/sonixtek.com\/it\/application\/power-plant-sector\/\" class=\"eael-post-elements-readmore-btn\">Per saperne di pi\u00f9<\/a><\/div>\n                    <\/div><\/div><\/div>\n        <\/div>\n    <\/article><article class=\"eael-grid-post eael-post-grid-column\" data-id=\"5612\">\n        <div class=\"eael-grid-post-holder\">\n            <div class=\"eael-grid-post-holder-inner\"><div class=\"eael-entry-media\"><div class=\"eael-entry-overlay fade-in\"><i class=\"fas fa-long-arrow-alt-right\" aria-hidden=\"true\"><\/i><a href=\"https:\/\/sonixtek.com\/it\/application\/weapons-industry\/\"><\/a><\/div><div class=\"eael-entry-thumbnail eael-image-ratio\">\n                 <img loading=\"lazy\" decoding=\"async\" width=\"594\" height=\"466\" src=\"https:\/\/sonixtek.com\/wp-content\/uploads\/2024\/09\/Applications_weapons-3.webp\" class=\"attachment-full size-full wp-image-7066\" alt=\"\" srcset=\"https:\/\/sonixtek.com\/wp-content\/uploads\/2024\/09\/Applications_weapons-3.webp 594w, https:\/\/sonixtek.com\/wp-content\/uploads\/2024\/09\/Applications_weapons-3-300x235.webp 300w, https:\/\/sonixtek.com\/wp-content\/uploads\/2024\/09\/Applications_weapons-3-15x12.webp 15w, https:\/\/sonixtek.com\/wp-content\/uploads\/2024\/09\/Applications_weapons-3-298x234.webp 298w\" sizes=\"(max-width: 594px) 100vw, 594px\" \/>\n             <\/div>\n        <\/div><div class=\"eael-entry-wrapper\"><header class=\"eael-entry-header\"><h3 class=\"eael-entry-title\"><a class=\"eael-grid-post-link\" href=\"https:\/\/sonixtek.com\/it\/application\/weapons-industry\/\" title=\"Industria delle armi\">Industria delle armi<\/a><\/h3><\/header><div class=\"eael-entry-content\">\n                        <div class=\"eael-grid-post-excerpt\"><p>I pulitori a ultrasuoni sono ampiamente utilizzati nell&#039;industria bellica per la pulizia di armi da fuoco, munizioni e altri componenti correlati. La tecnologia utilizza onde sonore ad alta frequenza per creare bolle microscopiche in un ambiente di pulizia...<\/p><a href=\"https:\/\/sonixtek.com\/it\/application\/weapons-industry\/\" class=\"eael-post-elements-readmore-btn\">Per saperne di pi\u00f9<\/a><\/div>\n                    <\/div><\/div><\/div>\n        <\/div>\n    <\/article><article class=\"eael-grid-post eael-post-grid-column\" data-id=\"5610\">\n        <div class=\"eael-grid-post-holder\">\n            <div class=\"eael-grid-post-holder-inner\"><div class=\"eael-entry-media\"><div class=\"eael-entry-overlay fade-in\"><i class=\"fas fa-long-arrow-alt-right\" aria-hidden=\"true\"><\/i><a href=\"https:\/\/sonixtek.com\/it\/application\/electronics-industry\/\"><\/a><\/div><div class=\"eael-entry-thumbnail eael-image-ratio\">\n                 <img loading=\"lazy\" decoding=\"async\" width=\"593\" height=\"466\" src=\"https:\/\/sonixtek.com\/wp-content\/uploads\/2024\/09\/Applications_electronics-3.webp\" class=\"attachment-full size-full wp-image-7067\" alt=\"\" srcset=\"https:\/\/sonixtek.com\/wp-content\/uploads\/2024\/09\/Applications_electronics-3.webp 593w, https:\/\/sonixtek.com\/wp-content\/uploads\/2024\/09\/Applications_electronics-3-300x236.webp 300w, https:\/\/sonixtek.com\/wp-content\/uploads\/2024\/09\/Applications_electronics-3-15x12.webp 15w, https:\/\/sonixtek.com\/wp-content\/uploads\/2024\/09\/Applications_electronics-3-298x234.webp 298w\" sizes=\"(max-width: 593px) 100vw, 593px\" \/>\n             <\/div>\n        <\/div><div class=\"eael-entry-wrapper\"><header class=\"eael-entry-header\"><h3 class=\"eael-entry-title\"><a class=\"eael-grid-post-link\" href=\"https:\/\/sonixtek.com\/it\/application\/electronics-industry\/\" title=\"Industria elettronica\">Industria elettronica<\/a><\/h3><\/header><div class=\"eael-entry-content\">\n                        <div class=\"eael-grid-post-excerpt\"><p>I pulitori a ultrasuoni sono ampiamente utilizzati nell&#039;industria elettronica per la pulizia di una variet\u00e0 di componenti, come circuiti stampati, connettori e wafer di semiconduttori. La tecnologia utilizza ultrasuoni ad alta frequenza...<\/p><a href=\"https:\/\/sonixtek.com\/it\/application\/electronics-industry\/\" class=\"eael-post-elements-readmore-btn\">Per saperne di pi\u00f9<\/a><\/div>\n                    <\/div><\/div><\/div>\n        <\/div>\n    <\/article><article class=\"eael-grid-post eael-post-grid-column\" data-id=\"5608\">\n        <div class=\"eael-grid-post-holder\">\n            <div class=\"eael-grid-post-holder-inner\"><div class=\"eael-entry-media\"><div class=\"eael-entry-overlay fade-in\"><i class=\"fas fa-long-arrow-alt-right\" aria-hidden=\"true\"><\/i><a href=\"https:\/\/sonixtek.com\/it\/application\/chemical-sector\/\"><\/a><\/div><div class=\"eael-entry-thumbnail eael-image-ratio\">\n                 <img loading=\"lazy\" decoding=\"async\" width=\"594\" height=\"466\" src=\"https:\/\/sonixtek.com\/wp-content\/uploads\/2024\/09\/Applications_chemical-2.webp\" class=\"attachment-full size-full wp-image-7062\" alt=\"\" srcset=\"https:\/\/sonixtek.com\/wp-content\/uploads\/2024\/09\/Applications_chemical-2.webp 594w, https:\/\/sonixtek.com\/wp-content\/uploads\/2024\/09\/Applications_chemical-2-300x235.webp 300w, https:\/\/sonixtek.com\/wp-content\/uploads\/2024\/09\/Applications_chemical-2-15x12.webp 15w, https:\/\/sonixtek.com\/wp-content\/uploads\/2024\/09\/Applications_chemical-2-298x234.webp 298w\" sizes=\"(max-width: 594px) 100vw, 594px\" \/>\n             <\/div>\n        <\/div><div class=\"eael-entry-wrapper\"><header class=\"eael-entry-header\"><h3 class=\"eael-entry-title\"><a class=\"eael-grid-post-link\" href=\"https:\/\/sonixtek.com\/it\/application\/chemical-sector\/\" title=\"Settore chimico\">Settore chimico<\/a><\/h3><\/header><div class=\"eael-entry-content\">\n                        <div class=\"eael-grid-post-excerpt\"><p>I pulitori a ultrasuoni sono ampiamente utilizzati nel settore chimico per la pulizia di vetreria da laboratorio, recipienti di reazione e altre apparecchiature che richiedono elevati livelli di pulizia. La tecnologia utilizza onde sonore ad alta frequenza...<\/p><a href=\"https:\/\/sonixtek.com\/it\/application\/chemical-sector\/\" class=\"eael-post-elements-readmore-btn\">Per saperne di pi\u00f9<\/a><\/div>\n                    <\/div><\/div><\/div>\n        <\/div>\n    <\/article><article class=\"eael-grid-post eael-post-grid-column\" data-id=\"5606\">\n        <div class=\"eael-grid-post-holder\">\n            <div class=\"eael-grid-post-holder-inner\"><div class=\"eael-entry-media\"><div class=\"eael-entry-overlay fade-in\"><i class=\"fas fa-long-arrow-alt-right\" aria-hidden=\"true\"><\/i><a href=\"https:\/\/sonixtek.com\/it\/application\/manufacturing-industry\/\"><\/a><\/div><div class=\"eael-entry-thumbnail eael-image-ratio\">\n                 <img loading=\"lazy\" decoding=\"async\" width=\"594\" height=\"467\" src=\"https:\/\/sonixtek.com\/wp-content\/uploads\/2024\/09\/Applications_manufacturing-1.webp\" class=\"attachment-full size-full wp-image-7063\" alt=\"\" srcset=\"https:\/\/sonixtek.com\/wp-content\/uploads\/2024\/09\/Applications_manufacturing-1.webp 594w, https:\/\/sonixtek.com\/wp-content\/uploads\/2024\/09\/Applications_manufacturing-1-300x236.webp 300w, https:\/\/sonixtek.com\/wp-content\/uploads\/2024\/09\/Applications_manufacturing-1-15x12.webp 15w, https:\/\/sonixtek.com\/wp-content\/uploads\/2024\/09\/Applications_manufacturing-1-298x234.webp 298w\" sizes=\"(max-width: 594px) 100vw, 594px\" \/>\n             <\/div>\n        <\/div><div class=\"eael-entry-wrapper\"><header class=\"eael-entry-header\"><h3 class=\"eael-entry-title\"><a class=\"eael-grid-post-link\" href=\"https:\/\/sonixtek.com\/it\/application\/manufacturing-industry\/\" title=\"Industria manifatturiera\">Industria manifatturiera<\/a><\/h3><\/header><div class=\"eael-entry-content\">\n                        <div class=\"eael-grid-post-excerpt\"><p>La pulizia a ultrasuoni \u00e8 una tecnologia ampiamente utilizzata nell&#039;industria manifatturiera per la pulizia di una variet\u00e0 di parti e componenti, come olio, grasso, sporco, polvere e trucioli metallici. L&#039;alta frequenza...<\/p><a href=\"https:\/\/sonixtek.com\/it\/application\/manufacturing-industry\/\" class=\"eael-post-elements-readmore-btn\">Per saperne di pi\u00f9<\/a><\/div>\n                    <\/div><\/div><\/div>\n        <\/div>\n    <\/article><article class=\"eael-grid-post eael-post-grid-column\" data-id=\"5604\">\n        <div class=\"eael-grid-post-holder\">\n            <div class=\"eael-grid-post-holder-inner\"><div class=\"eael-entry-media\"><div class=\"eael-entry-overlay fade-in\"><i class=\"fas fa-long-arrow-alt-right\" aria-hidden=\"true\"><\/i><a href=\"https:\/\/sonixtek.com\/it\/application\/mechanical-sector\/\"><\/a><\/div><div class=\"eael-entry-thumbnail eael-image-ratio\">\n                 <img loading=\"lazy\" decoding=\"async\" width=\"593\" height=\"467\" src=\"https:\/\/sonixtek.com\/wp-content\/uploads\/2024\/09\/Applications_mechanical-2.webp\" class=\"attachment-full size-full wp-image-7064\" alt=\"\" srcset=\"https:\/\/sonixtek.com\/wp-content\/uploads\/2024\/09\/Applications_mechanical-2.webp 593w, https:\/\/sonixtek.com\/wp-content\/uploads\/2024\/09\/Applications_mechanical-2-300x236.webp 300w, https:\/\/sonixtek.com\/wp-content\/uploads\/2024\/09\/Applications_mechanical-2-15x12.webp 15w, https:\/\/sonixtek.com\/wp-content\/uploads\/2024\/09\/Applications_mechanical-2-298x235.webp 298w\" sizes=\"(max-width: 593px) 100vw, 593px\" \/>\n             <\/div>\n        <\/div><div class=\"eael-entry-wrapper\"><header class=\"eael-entry-header\"><h3 class=\"eael-entry-title\"><a class=\"eael-grid-post-link\" href=\"https:\/\/sonixtek.com\/it\/application\/mechanical-sector\/\" title=\"Settore meccanico\">Settore meccanico<\/a><\/h3><\/header><div class=\"eael-entry-content\">\n                        <div class=\"eael-grid-post-excerpt\"><p>La pulizia a ultrasuoni \u00e8 ampiamente utilizzata nel settore meccanico per la pulizia di un&#039;ampia variet\u00e0 di parti e componenti metallici, inclusi ingranaggi, cuscinetti, valvole e pompe. La capacit\u00e0 della tecnologia di raggiungere piccole...<\/p><a href=\"https:\/\/sonixtek.com\/it\/application\/mechanical-sector\/\" class=\"eael-post-elements-readmore-btn\">Per saperne di pi\u00f9<\/a><\/div>\n                    <\/div><\/div><\/div>\n        <\/div>\n    <\/article><article class=\"eael-grid-post eael-post-grid-column\" data-id=\"5602\">\n        <div class=\"eael-grid-post-holder\">\n            <div class=\"eael-grid-post-holder-inner\"><div class=\"eael-entry-media\"><div class=\"eael-entry-overlay fade-in\"><i class=\"fas fa-long-arrow-alt-right\" aria-hidden=\"true\"><\/i><a href=\"https:\/\/sonixtek.com\/it\/application\/automotive-sector\/\"><\/a><\/div><div class=\"eael-entry-thumbnail eael-image-ratio\">\n                 <img loading=\"lazy\" decoding=\"async\" width=\"594\" height=\"467\" src=\"https:\/\/sonixtek.com\/wp-content\/uploads\/2024\/09\/Applications_automotive-2.webp\" class=\"attachment-full size-full wp-image-7065\" alt=\"\" srcset=\"https:\/\/sonixtek.com\/wp-content\/uploads\/2024\/09\/Applications_automotive-2.webp 594w, https:\/\/sonixtek.com\/wp-content\/uploads\/2024\/09\/Applications_automotive-2-300x236.webp 300w, https:\/\/sonixtek.com\/wp-content\/uploads\/2024\/09\/Applications_automotive-2-15x12.webp 15w, https:\/\/sonixtek.com\/wp-content\/uploads\/2024\/09\/Applications_automotive-2-298x234.webp 298w\" sizes=\"(max-width: 594px) 100vw, 594px\" \/>\n             <\/div>\n        <\/div><div class=\"eael-entry-wrapper\"><header class=\"eael-entry-header\"><h3 class=\"eael-entry-title\"><a class=\"eael-grid-post-link\" href=\"https:\/\/sonixtek.com\/it\/application\/automotive-sector\/\" title=\"Settore automobilistico\">Settore automobilistico<\/a><\/h3><\/header><div class=\"eael-entry-content\">\n                        <div class=\"eael-grid-post-excerpt\"><p>Il settore automobilistico utilizza ampiamente la pulizia a ultrasuoni per pulire parti e componenti, come parti del motore, iniettori di carburante e componenti della trasmissione. Questa tecnologia utilizza onde sonore ad alta frequenza per creare microscopiche...<\/p><a href=\"https:\/\/sonixtek.com\/it\/application\/automotive-sector\/\" class=\"eael-post-elements-readmore-btn\">Per saperne di pi\u00f9<\/a><\/div>\n                    <\/div><\/div><\/div>\n        <\/div>\n    <\/article><\/div>\n            <div class=\"clearfix\"><\/div>\n        <\/div>            <div class=\"eael-load-more-button-wrap eael-force-hide\">\n                <button class=\"eael-load-more-button\" id=\"eael-load-more-btn-e3dca01\" data-widget-id=\"e3dca01\" data-widget=\"e3dca01\" data-page-id=\"5638\" data-template=\"{&quot;dir&quot;:&quot;lite&quot;,&quot;file_name&quot;:&quot;three.php&quot;,&quot;name&quot;:&quot;Post-Grid&quot;}\" data-class=\"Essential_Addons_Elementor\\Elements\\Post_Grid\" data-layout=\"grid\" data-page=\"1\" data-args=\"orderby=date&amp;order=desc&amp;ignore_sticky_posts=1&amp;post_status=publish&amp;posts_per_page=&amp;offset=0&amp;post_type=application\" data-max-page=\"9\">\n                    <span class=\"eael-btn-loader button__loader\"><\/span>\n                    <span class=\"eael_load_more_text\">Carica altro<\/span>\n                <\/button>\n            <\/div>\n            \t\t<\/div>\n\t\t\t\t<\/div>\n\t\t\t\t<\/div>\n\t\t\t\t<\/div>\n\t\t\t\t\t<\/div>\n\t\t\t\t<\/div>\n\t\t\t\t<\/div>","protected":false},"excerpt":{"rendered":"<p>Application Aerospace Industry Ultrasonic cleaners are widely used in the aerospace industry for cleaning a variety of components, such as turbine blades, fuel injectors, and engine parts. The technology uses high-frequency sound waves&#8230; Read More Plastic Sector Ultrasonic cleaners are widely used in the plastic sector for cleaning molds, dies, and other equipment used in [&hellip;]<\/p>","protected":false},"author":1,"featured_media":0,"parent":0,"menu_order":0,"comment_status":"closed","ping_status":"closed","template":"","meta":{"_acf_changed":false,"site-sidebar-layout":"no-sidebar","site-content-layout":"page-builder","ast-site-content-layout":"full-width-container","site-content-style":"unboxed","site-sidebar-style":"unboxed","ast-global-header-display":"","ast-banner-title-visibility":"","ast-main-header-display":"","ast-hfb-above-header-display":"","ast-hfb-below-header-display":"","ast-hfb-mobile-header-display":"","site-post-title":"disabled","ast-breadcrumbs-content":"","ast-featured-img":"disabled","footer-sml-layout":"","theme-transparent-header-meta":"disabled","adv-header-id-meta":"","stick-header-meta":"","header-above-stick-meta":"","header-main-stick-meta":"","header-below-stick-meta":"","astra-migrate-meta-layouts":"set","ast-page-background-enabled":"default","ast-page-background-meta":{"desktop":{"background-color":"","background-image":"","background-repeat":"repeat","background-position":"center center","background-size":"auto","background-attachment":"scroll","background-type":"","background-media":"","overlay-type":"","overlay-color":"","overlay-opacity":"","overlay-gradient":""},"tablet":{"background-color":"","background-image":"","background-repeat":"repeat","background-position":"center center","background-size":"auto","background-attachment":"scroll","background-type":"","background-media":"","overlay-type":"","overlay-color":"","overlay-opacity":"","overlay-gradient":""},"mobile":{"background-color":"","background-image":"","background-repeat":"repeat","background-position":"center center","background-size":"auto","background-attachment":"scroll","background-type":"","background-media":"","overlay-type":"","overlay-color":"","overlay-opacity":"","overlay-gradient":""}},"ast-content-background-meta":{"desktop":{"background-color":"var(--ast-global-color-5)","background-image":"","background-repeat":"repeat","background-position":"center center","background-size":"auto","background-attachment":"scroll","background-type":"","background-media":"","overlay-type":"","overlay-color":"","overlay-opacity":"","overlay-gradient":""},"tablet":{"background-color":"var(--ast-global-color-5)","background-image":"","background-repeat":"repeat","background-position":"center center","background-size":"auto","background-attachment":"scroll","background-type":"","background-media":"","overlay-type":"","overlay-color":"","overlay-opacity":"","overlay-gradient":""},"mobile":{"background-color":"var(--ast-global-color-5)","background-image":"","background-repeat":"repeat","background-position":"center center","background-size":"auto","background-attachment":"scroll","background-type":"","background-media":"","overlay-type":"","overlay-color":"","overlay-opacity":"","overlay-gradient":""}},"footnotes":""},"class_list":["post-5638","page","type-page","status-publish","hentry"],"acf":[],"_links":{"self":[{"href":"https:\/\/sonixtek.com\/it\/wp-json\/wp\/v2\/pages\/5638","targetHints":{"allow":["GET"]}}],"collection":[{"href":"https:\/\/sonixtek.com\/it\/wp-json\/wp\/v2\/pages"}],"about":[{"href":"https:\/\/sonixtek.com\/it\/wp-json\/wp\/v2\/types\/page"}],"author":[{"embeddable":true,"href":"https:\/\/sonixtek.com\/it\/wp-json\/wp\/v2\/users\/1"}],"replies":[{"embeddable":true,"href":"https:\/\/sonixtek.com\/it\/wp-json\/wp\/v2\/comments?post=5638"}],"version-history":[{"count":0,"href":"https:\/\/sonixtek.com\/it\/wp-json\/wp\/v2\/pages\/5638\/revisions"}],"wp:attachment":[{"href":"https:\/\/sonixtek.com\/it\/wp-json\/wp\/v2\/media?parent=5638"}],"curies":[{"name":"wp","href":"https:\/\/api.w.org\/{rel}","templated":true}]}}