{"id":5638,"date":"2024-09-06T08:18:05","date_gmt":"2024-09-06T08:18:05","guid":{"rendered":"https:\/\/sonixtek.com\/?page_id=5638"},"modified":"2024-11-05T06:09:37","modified_gmt":"2024-11-05T06:09:37","slug":"application","status":"publish","type":"page","link":"https:\/\/sonixtek.com\/fr\/application\/","title":{"rendered":"Application"},"content":{"rendered":"<div data-elementor-type=\"wp-post\" data-elementor-id=\"5638\" class=\"elementor elementor-5638\">\n\t\t\t\t<div class=\"elementor-element elementor-element-6cb2a4e e-flex e-con-boxed e-con e-parent\" data-id=\"6cb2a4e\" data-element_type=\"container\" data-settings=\"{&quot;background_background&quot;:&quot;classic&quot;}\">\n\t\t\t\t\t<div class=\"e-con-inner\">\n\t\t<div class=\"elementor-element elementor-element-0d15fa8 e-con-full e-flex e-con e-child\" data-id=\"0d15fa8\" data-element_type=\"container\">\n\t\t\t\t<div class=\"elementor-element elementor-element-8f7943d elementor-widget elementor-widget-heading\" data-id=\"8f7943d\" data-element_type=\"widget\" data-widget_type=\"heading.default\">\n\t\t\t\t<div class=\"elementor-widget-container\">\n\t\t\t<style>\/*! elementor - v3.23.0 - 05-08-2024 *\/\n.elementor-heading-title{padding:0;margin:0;line-height:1}.elementor-widget-heading .elementor-heading-title[class*=elementor-size-]>a{color:inherit;font-size:inherit;line-height:inherit}.elementor-widget-heading .elementor-heading-title.elementor-size-small{font-size:15px}.elementor-widget-heading .elementor-heading-title.elementor-size-medium{font-size:19px}.elementor-widget-heading .elementor-heading-title.elementor-size-large{font-size:29px}.elementor-widget-heading .elementor-heading-title.elementor-size-xl{font-size:39px}.elementor-widget-heading .elementor-heading-title.elementor-size-xxl{font-size:59px}<\/style><h1 class=\"elementor-heading-title elementor-size-default\">Application<\/h1>\t\t<\/div>\n\t\t\t\t<\/div>\n\t\t\t\t<\/div>\n\t\t\t\t\t<\/div>\n\t\t\t\t<\/div>\n\t\t<div class=\"elementor-element elementor-element-4fbfe44 e-flex e-con-boxed e-con e-parent\" data-id=\"4fbfe44\" data-element_type=\"container\" data-settings=\"{&quot;background_background&quot;:&quot;classic&quot;}\">\n\t\t\t\t\t<div class=\"e-con-inner\">\n\t\t<div class=\"elementor-element elementor-element-f9127d2 e-con-full e-flex e-con e-child\" data-id=\"f9127d2\" data-element_type=\"container\" data-settings=\"{&quot;background_background&quot;:&quot;classic&quot;}\">\n\t\t<div class=\"elementor-element elementor-element-f1f3ac0 e-con-full e-flex e-con e-child\" data-id=\"f1f3ac0\" data-element_type=\"container\">\n\t\t\t\t<div class=\"elementor-element elementor-element-e3dca01 elementor-grid-eael-col-3 elementor-grid-tablet-eael-col-2 elementor-grid-mobile-eael-col-1 elementor-widget elementor-widget-eael-post-grid\" data-id=\"e3dca01\" data-element_type=\"widget\" data-settings=\"{&quot;eael_post_grid_columns&quot;:&quot;eael-col-3&quot;,&quot;eael_post_grid_columns_tablet&quot;:&quot;eael-col-2&quot;,&quot;eael_post_grid_columns_mobile&quot;:&quot;eael-col-1&quot;}\" data-widget_type=\"eael-post-grid.default\">\n\t\t\t\t<div class=\"elementor-widget-container\">\n\t\t\t<div id=\"eael-post-grid-e3dca01\" class=\"eael-post-grid-container\">\n            <div class=\"eael-post-grid eael-post-appender eael-post-appender-e3dca01 eael-post-grid-style-three\" data-layout-mode=\"grid\"><article class=\"eael-grid-post eael-post-grid-column\" data-id=\"5618\">\n        <div class=\"eael-grid-post-holder\">\n            <div class=\"eael-grid-post-holder-inner\"><div class=\"eael-entry-media\"><div class=\"eael-entry-overlay fade-in\"><i class=\"fas fa-long-arrow-alt-right\" aria-hidden=\"true\"><\/i><a href=\"https:\/\/sonixtek.com\/fr\/application\/aerospace-industry\/\"><\/a><\/div><div class=\"eael-entry-thumbnail eael-image-ratio\">\n                 <img fetchpriority=\"high\" decoding=\"async\" width=\"594\" height=\"467\" src=\"https:\/\/sonixtek.com\/wp-content\/uploads\/2024\/09\/Applications_aerospace-2.webp\" class=\"attachment-full size-full wp-image-7057\" alt=\"\" srcset=\"https:\/\/sonixtek.com\/wp-content\/uploads\/2024\/09\/Applications_aerospace-2.webp 594w, https:\/\/sonixtek.com\/wp-content\/uploads\/2024\/09\/Applications_aerospace-2-300x236.webp 300w, https:\/\/sonixtek.com\/wp-content\/uploads\/2024\/09\/Applications_aerospace-2-15x12.webp 15w, https:\/\/sonixtek.com\/wp-content\/uploads\/2024\/09\/Applications_aerospace-2-298x234.webp 298w\" sizes=\"(max-width: 594px) 100vw, 594px\" \/>\n             <\/div>\n        <\/div><div class=\"eael-entry-wrapper\"><header class=\"eael-entry-header\"><h3 class=\"eael-entry-title\"><a class=\"eael-grid-post-link\" href=\"https:\/\/sonixtek.com\/fr\/application\/aerospace-industry\/\" title=\"Industrie a\u00e9rospatiale\">Industrie a\u00e9rospatiale<\/a><\/h3><\/header><div class=\"eael-entry-content\">\n                        <div class=\"eael-grid-post-excerpt\"><p>Les nettoyeurs \u00e0 ultrasons sont largement utilis\u00e9s dans l&#039;industrie a\u00e9rospatiale pour nettoyer une vari\u00e9t\u00e9 de composants, tels que les aubes de turbine, les injecteurs de carburant et les pi\u00e8ces de moteur. La technologie utilise des ondes sonores \u00e0 haute fr\u00e9quence...<\/p><a href=\"https:\/\/sonixtek.com\/fr\/application\/aerospace-industry\/\" class=\"eael-post-elements-readmore-btn\">En savoir plus<\/a><\/div>\n                    <\/div><\/div><\/div>\n        <\/div>\n    <\/article><article class=\"eael-grid-post eael-post-grid-column\" data-id=\"5616\">\n        <div class=\"eael-grid-post-holder\">\n            <div class=\"eael-grid-post-holder-inner\"><div class=\"eael-entry-media\"><div class=\"eael-entry-overlay fade-in\"><i class=\"fas fa-long-arrow-alt-right\" aria-hidden=\"true\"><\/i><a href=\"https:\/\/sonixtek.com\/fr\/application\/plastic-sector\/\"><\/a><\/div><div class=\"eael-entry-thumbnail eael-image-ratio\">\n                 <img decoding=\"async\" width=\"593\" height=\"467\" src=\"https:\/\/sonixtek.com\/wp-content\/uploads\/2024\/09\/Applications_plastic-3.webp\" class=\"attachment-full size-full wp-image-7058\" alt=\"\" srcset=\"https:\/\/sonixtek.com\/wp-content\/uploads\/2024\/09\/Applications_plastic-3.webp 593w, https:\/\/sonixtek.com\/wp-content\/uploads\/2024\/09\/Applications_plastic-3-300x236.webp 300w, https:\/\/sonixtek.com\/wp-content\/uploads\/2024\/09\/Applications_plastic-3-15x12.webp 15w, https:\/\/sonixtek.com\/wp-content\/uploads\/2024\/09\/Applications_plastic-3-298x235.webp 298w\" sizes=\"(max-width: 593px) 100vw, 593px\" \/>\n             <\/div>\n        <\/div><div class=\"eael-entry-wrapper\"><header class=\"eael-entry-header\"><h3 class=\"eael-entry-title\"><a class=\"eael-grid-post-link\" href=\"https:\/\/sonixtek.com\/fr\/application\/plastic-sector\/\" title=\"Secteur du plastique\">Secteur du plastique<\/a><\/h3><\/header><div class=\"eael-entry-content\">\n                        <div class=\"eael-grid-post-excerpt\"><p>Les nettoyeurs \u00e0 ultrasons sont largement utilis\u00e9s dans le secteur du plastique pour nettoyer les moules, les matrices et autres \u00e9quipements utilis\u00e9s dans la production de produits en plastique. La technologie utilise des ondes sonores \u00e0 haute fr\u00e9quence pour...<\/p><a href=\"https:\/\/sonixtek.com\/fr\/application\/plastic-sector\/\" class=\"eael-post-elements-readmore-btn\">En savoir plus<\/a><\/div>\n                    <\/div><\/div><\/div>\n        <\/div>\n    <\/article><article class=\"eael-grid-post eael-post-grid-column\" data-id=\"5614\">\n        <div class=\"eael-grid-post-holder\">\n            <div class=\"eael-grid-post-holder-inner\"><div class=\"eael-entry-media\"><div class=\"eael-entry-overlay fade-in\"><i class=\"fas fa-long-arrow-alt-right\" aria-hidden=\"true\"><\/i><a href=\"https:\/\/sonixtek.com\/fr\/application\/power-plant-sector\/\"><\/a><\/div><div class=\"eael-entry-thumbnail eael-image-ratio\">\n                 <img decoding=\"async\" width=\"594\" height=\"467\" src=\"https:\/\/sonixtek.com\/wp-content\/uploads\/2024\/09\/Applications_power-plant-2.webp\" class=\"attachment-full size-full wp-image-7059\" alt=\"\" srcset=\"https:\/\/sonixtek.com\/wp-content\/uploads\/2024\/09\/Applications_power-plant-2.webp 594w, https:\/\/sonixtek.com\/wp-content\/uploads\/2024\/09\/Applications_power-plant-2-300x236.webp 300w, https:\/\/sonixtek.com\/wp-content\/uploads\/2024\/09\/Applications_power-plant-2-15x12.webp 15w, https:\/\/sonixtek.com\/wp-content\/uploads\/2024\/09\/Applications_power-plant-2-298x234.webp 298w\" sizes=\"(max-width: 594px) 100vw, 594px\" \/>\n             <\/div>\n        <\/div><div class=\"eael-entry-wrapper\"><header class=\"eael-entry-header\"><h3 class=\"eael-entry-title\"><a class=\"eael-grid-post-link\" href=\"https:\/\/sonixtek.com\/fr\/application\/power-plant-sector\/\" title=\"Secteur des centrales \u00e9lectriques\">Secteur des centrales \u00e9lectriques<\/a><\/h3><\/header><div class=\"eael-entry-content\">\n                        <div class=\"eael-grid-post-excerpt\"><p>Les nettoyeurs \u00e0 ultrasons sont largement utilis\u00e9s dans le secteur des centrales \u00e9lectriques pour nettoyer une vari\u00e9t\u00e9 de composants, tels que les turbines, les \u00e9changeurs de chaleur et les condenseurs. La technologie utilise des ondes sonores \u00e0 haute fr\u00e9quence pour...<\/p><a href=\"https:\/\/sonixtek.com\/fr\/application\/power-plant-sector\/\" class=\"eael-post-elements-readmore-btn\">En savoir plus<\/a><\/div>\n                    <\/div><\/div><\/div>\n        <\/div>\n    <\/article><article class=\"eael-grid-post eael-post-grid-column\" data-id=\"5612\">\n        <div class=\"eael-grid-post-holder\">\n            <div class=\"eael-grid-post-holder-inner\"><div class=\"eael-entry-media\"><div class=\"eael-entry-overlay fade-in\"><i class=\"fas fa-long-arrow-alt-right\" aria-hidden=\"true\"><\/i><a href=\"https:\/\/sonixtek.com\/fr\/application\/weapons-industry\/\"><\/a><\/div><div class=\"eael-entry-thumbnail eael-image-ratio\">\n                 <img loading=\"lazy\" decoding=\"async\" width=\"594\" height=\"466\" src=\"https:\/\/sonixtek.com\/wp-content\/uploads\/2024\/09\/Applications_weapons-3.webp\" class=\"attachment-full size-full wp-image-7066\" alt=\"\" srcset=\"https:\/\/sonixtek.com\/wp-content\/uploads\/2024\/09\/Applications_weapons-3.webp 594w, https:\/\/sonixtek.com\/wp-content\/uploads\/2024\/09\/Applications_weapons-3-300x235.webp 300w, https:\/\/sonixtek.com\/wp-content\/uploads\/2024\/09\/Applications_weapons-3-15x12.webp 15w, https:\/\/sonixtek.com\/wp-content\/uploads\/2024\/09\/Applications_weapons-3-298x234.webp 298w\" sizes=\"(max-width: 594px) 100vw, 594px\" \/>\n             <\/div>\n        <\/div><div class=\"eael-entry-wrapper\"><header class=\"eael-entry-header\"><h3 class=\"eael-entry-title\"><a class=\"eael-grid-post-link\" href=\"https:\/\/sonixtek.com\/fr\/application\/weapons-industry\/\" title=\"Industrie de l&#039;armement\">Industrie de l&#039;armement<\/a><\/h3><\/header><div class=\"eael-entry-content\">\n                        <div class=\"eael-grid-post-excerpt\"><p>Les nettoyeurs \u00e0 ultrasons sont largement utilis\u00e9s dans l&#039;industrie de l&#039;armement pour nettoyer les armes \u00e0 feu, les munitions et autres composants connexes. La technologie utilise des ondes sonores \u00e0 haute fr\u00e9quence pour cr\u00e9er des bulles microscopiques dans un appareil de nettoyage.<\/p><a href=\"https:\/\/sonixtek.com\/fr\/application\/weapons-industry\/\" class=\"eael-post-elements-readmore-btn\">En savoir plus<\/a><\/div>\n                    <\/div><\/div><\/div>\n        <\/div>\n    <\/article><article class=\"eael-grid-post eael-post-grid-column\" data-id=\"5610\">\n        <div class=\"eael-grid-post-holder\">\n            <div class=\"eael-grid-post-holder-inner\"><div class=\"eael-entry-media\"><div class=\"eael-entry-overlay fade-in\"><i class=\"fas fa-long-arrow-alt-right\" aria-hidden=\"true\"><\/i><a href=\"https:\/\/sonixtek.com\/fr\/application\/electronics-industry\/\"><\/a><\/div><div class=\"eael-entry-thumbnail eael-image-ratio\">\n                 <img loading=\"lazy\" decoding=\"async\" width=\"593\" height=\"466\" src=\"https:\/\/sonixtek.com\/wp-content\/uploads\/2024\/09\/Applications_electronics-3.webp\" class=\"attachment-full size-full wp-image-7067\" alt=\"\" srcset=\"https:\/\/sonixtek.com\/wp-content\/uploads\/2024\/09\/Applications_electronics-3.webp 593w, https:\/\/sonixtek.com\/wp-content\/uploads\/2024\/09\/Applications_electronics-3-300x236.webp 300w, https:\/\/sonixtek.com\/wp-content\/uploads\/2024\/09\/Applications_electronics-3-15x12.webp 15w, https:\/\/sonixtek.com\/wp-content\/uploads\/2024\/09\/Applications_electronics-3-298x234.webp 298w\" sizes=\"(max-width: 593px) 100vw, 593px\" \/>\n             <\/div>\n        <\/div><div class=\"eael-entry-wrapper\"><header class=\"eael-entry-header\"><h3 class=\"eael-entry-title\"><a class=\"eael-grid-post-link\" href=\"https:\/\/sonixtek.com\/fr\/application\/electronics-industry\/\" title=\"Industrie \u00e9lectronique\">Industrie \u00e9lectronique<\/a><\/h3><\/header><div class=\"eael-entry-content\">\n                        <div class=\"eael-grid-post-excerpt\"><p>Les nettoyeurs \u00e0 ultrasons sont largement utilis\u00e9s dans l&#039;industrie \u00e9lectronique pour nettoyer une vari\u00e9t\u00e9 de pi\u00e8ces et de composants, tels que les circuits imprim\u00e9s, les connecteurs et les plaquettes de semi-conducteurs. La technologie utilise la haute fr\u00e9quence...<\/p><a href=\"https:\/\/sonixtek.com\/fr\/application\/electronics-industry\/\" class=\"eael-post-elements-readmore-btn\">En savoir plus<\/a><\/div>\n                    <\/div><\/div><\/div>\n        <\/div>\n    <\/article><article class=\"eael-grid-post eael-post-grid-column\" data-id=\"5608\">\n        <div class=\"eael-grid-post-holder\">\n            <div class=\"eael-grid-post-holder-inner\"><div class=\"eael-entry-media\"><div class=\"eael-entry-overlay fade-in\"><i class=\"fas fa-long-arrow-alt-right\" aria-hidden=\"true\"><\/i><a href=\"https:\/\/sonixtek.com\/fr\/application\/chemical-sector\/\"><\/a><\/div><div class=\"eael-entry-thumbnail eael-image-ratio\">\n                 <img loading=\"lazy\" decoding=\"async\" width=\"594\" height=\"466\" src=\"https:\/\/sonixtek.com\/wp-content\/uploads\/2024\/09\/Applications_chemical-2.webp\" class=\"attachment-full size-full wp-image-7062\" alt=\"\" srcset=\"https:\/\/sonixtek.com\/wp-content\/uploads\/2024\/09\/Applications_chemical-2.webp 594w, https:\/\/sonixtek.com\/wp-content\/uploads\/2024\/09\/Applications_chemical-2-300x235.webp 300w, https:\/\/sonixtek.com\/wp-content\/uploads\/2024\/09\/Applications_chemical-2-15x12.webp 15w, https:\/\/sonixtek.com\/wp-content\/uploads\/2024\/09\/Applications_chemical-2-298x234.webp 298w\" sizes=\"(max-width: 594px) 100vw, 594px\" \/>\n             <\/div>\n        <\/div><div class=\"eael-entry-wrapper\"><header class=\"eael-entry-header\"><h3 class=\"eael-entry-title\"><a class=\"eael-grid-post-link\" href=\"https:\/\/sonixtek.com\/fr\/application\/chemical-sector\/\" title=\"Secteur chimique\">Secteur chimique<\/a><\/h3><\/header><div class=\"eael-entry-content\">\n                        <div class=\"eael-grid-post-excerpt\"><p>Les nettoyeurs \u00e0 ultrasons sont largement utilis\u00e9s dans le secteur chimique pour nettoyer la verrerie de laboratoire, les cuves de r\u00e9acteurs et d&#039;autres \u00e9quipements qui n\u00e9cessitent des niveaux de propret\u00e9 \u00e9lev\u00e9s. La technologie utilise des ondes sonores \u00e0 haute fr\u00e9quence...<\/p><a href=\"https:\/\/sonixtek.com\/fr\/application\/chemical-sector\/\" class=\"eael-post-elements-readmore-btn\">En savoir plus<\/a><\/div>\n                    <\/div><\/div><\/div>\n        <\/div>\n    <\/article><article class=\"eael-grid-post eael-post-grid-column\" data-id=\"5606\">\n        <div class=\"eael-grid-post-holder\">\n            <div class=\"eael-grid-post-holder-inner\"><div class=\"eael-entry-media\"><div class=\"eael-entry-overlay fade-in\"><i class=\"fas fa-long-arrow-alt-right\" aria-hidden=\"true\"><\/i><a href=\"https:\/\/sonixtek.com\/fr\/application\/manufacturing-industry\/\"><\/a><\/div><div class=\"eael-entry-thumbnail eael-image-ratio\">\n                 <img loading=\"lazy\" decoding=\"async\" width=\"594\" height=\"467\" src=\"https:\/\/sonixtek.com\/wp-content\/uploads\/2024\/09\/Applications_manufacturing-1.webp\" class=\"attachment-full size-full wp-image-7063\" alt=\"\" srcset=\"https:\/\/sonixtek.com\/wp-content\/uploads\/2024\/09\/Applications_manufacturing-1.webp 594w, https:\/\/sonixtek.com\/wp-content\/uploads\/2024\/09\/Applications_manufacturing-1-300x236.webp 300w, https:\/\/sonixtek.com\/wp-content\/uploads\/2024\/09\/Applications_manufacturing-1-15x12.webp 15w, https:\/\/sonixtek.com\/wp-content\/uploads\/2024\/09\/Applications_manufacturing-1-298x234.webp 298w\" sizes=\"(max-width: 594px) 100vw, 594px\" \/>\n             <\/div>\n        <\/div><div class=\"eael-entry-wrapper\"><header class=\"eael-entry-header\"><h3 class=\"eael-entry-title\"><a class=\"eael-grid-post-link\" href=\"https:\/\/sonixtek.com\/fr\/application\/manufacturing-industry\/\" title=\"Industrie manufacturi\u00e8re\">Industrie manufacturi\u00e8re<\/a><\/h3><\/header><div class=\"eael-entry-content\">\n                        <div class=\"eael-grid-post-excerpt\"><p>Le nettoyage par ultrasons est une technologie largement utilis\u00e9e dans l&#039;industrie manufacturi\u00e8re pour nettoyer une vari\u00e9t\u00e9 de pi\u00e8ces et de composants tels que l&#039;huile, la graisse, la salet\u00e9, la poussi\u00e8re et les copeaux de m\u00e9tal. La haute fr\u00e9quence...<\/p><a href=\"https:\/\/sonixtek.com\/fr\/application\/manufacturing-industry\/\" class=\"eael-post-elements-readmore-btn\">En savoir plus<\/a><\/div>\n                    <\/div><\/div><\/div>\n        <\/div>\n    <\/article><article class=\"eael-grid-post eael-post-grid-column\" data-id=\"5604\">\n        <div class=\"eael-grid-post-holder\">\n            <div class=\"eael-grid-post-holder-inner\"><div class=\"eael-entry-media\"><div class=\"eael-entry-overlay fade-in\"><i class=\"fas fa-long-arrow-alt-right\" aria-hidden=\"true\"><\/i><a href=\"https:\/\/sonixtek.com\/fr\/application\/mechanical-sector\/\"><\/a><\/div><div class=\"eael-entry-thumbnail eael-image-ratio\">\n                 <img loading=\"lazy\" decoding=\"async\" width=\"593\" height=\"467\" src=\"https:\/\/sonixtek.com\/wp-content\/uploads\/2024\/09\/Applications_mechanical-2.webp\" class=\"attachment-full size-full wp-image-7064\" alt=\"\" srcset=\"https:\/\/sonixtek.com\/wp-content\/uploads\/2024\/09\/Applications_mechanical-2.webp 593w, https:\/\/sonixtek.com\/wp-content\/uploads\/2024\/09\/Applications_mechanical-2-300x236.webp 300w, https:\/\/sonixtek.com\/wp-content\/uploads\/2024\/09\/Applications_mechanical-2-15x12.webp 15w, https:\/\/sonixtek.com\/wp-content\/uploads\/2024\/09\/Applications_mechanical-2-298x235.webp 298w\" sizes=\"(max-width: 593px) 100vw, 593px\" \/>\n             <\/div>\n        <\/div><div class=\"eael-entry-wrapper\"><header class=\"eael-entry-header\"><h3 class=\"eael-entry-title\"><a class=\"eael-grid-post-link\" href=\"https:\/\/sonixtek.com\/fr\/application\/mechanical-sector\/\" title=\"Secteur m\u00e9canique\">Secteur m\u00e9canique<\/a><\/h3><\/header><div class=\"eael-entry-content\">\n                        <div class=\"eael-grid-post-excerpt\"><p>Le nettoyage par ultrasons est largement utilis\u00e9 dans le secteur m\u00e9canique pour nettoyer une grande vari\u00e9t\u00e9 de pi\u00e8ces et composants m\u00e9talliques, notamment les engrenages, les roulements, les vannes et les pompes. La capacit\u00e9 de la technologie \u00e0 atteindre de petites surfaces...<\/p><a href=\"https:\/\/sonixtek.com\/fr\/application\/mechanical-sector\/\" class=\"eael-post-elements-readmore-btn\">En savoir plus<\/a><\/div>\n                    <\/div><\/div><\/div>\n        <\/div>\n    <\/article><article class=\"eael-grid-post eael-post-grid-column\" data-id=\"5602\">\n        <div class=\"eael-grid-post-holder\">\n            <div class=\"eael-grid-post-holder-inner\"><div class=\"eael-entry-media\"><div class=\"eael-entry-overlay fade-in\"><i class=\"fas fa-long-arrow-alt-right\" aria-hidden=\"true\"><\/i><a href=\"https:\/\/sonixtek.com\/fr\/application\/automotive-sector\/\"><\/a><\/div><div class=\"eael-entry-thumbnail eael-image-ratio\">\n                 <img loading=\"lazy\" decoding=\"async\" width=\"594\" height=\"467\" src=\"https:\/\/sonixtek.com\/wp-content\/uploads\/2024\/09\/Applications_automotive-2.webp\" class=\"attachment-full size-full wp-image-7065\" alt=\"\" srcset=\"https:\/\/sonixtek.com\/wp-content\/uploads\/2024\/09\/Applications_automotive-2.webp 594w, https:\/\/sonixtek.com\/wp-content\/uploads\/2024\/09\/Applications_automotive-2-300x236.webp 300w, https:\/\/sonixtek.com\/wp-content\/uploads\/2024\/09\/Applications_automotive-2-15x12.webp 15w, https:\/\/sonixtek.com\/wp-content\/uploads\/2024\/09\/Applications_automotive-2-298x234.webp 298w\" sizes=\"(max-width: 594px) 100vw, 594px\" \/>\n             <\/div>\n        <\/div><div class=\"eael-entry-wrapper\"><header class=\"eael-entry-header\"><h3 class=\"eael-entry-title\"><a class=\"eael-grid-post-link\" href=\"https:\/\/sonixtek.com\/fr\/application\/automotive-sector\/\" title=\"Secteur automobile\">Secteur automobile<\/a><\/h3><\/header><div class=\"eael-entry-content\">\n                        <div class=\"eael-grid-post-excerpt\"><p>Le secteur automobile utilise largement le nettoyage par ultrasons pour nettoyer les pi\u00e8ces et composants, tels que les pi\u00e8ces de moteur, les injecteurs de carburant et les pi\u00e8ces de transmission. Cette technologie utilise des ondes sonores \u00e0 haute fr\u00e9quence pour cr\u00e9er des...<\/p><a href=\"https:\/\/sonixtek.com\/fr\/application\/automotive-sector\/\" class=\"eael-post-elements-readmore-btn\">En savoir plus<\/a><\/div>\n                    <\/div><\/div><\/div>\n        <\/div>\n    <\/article><\/div>\n            <div class=\"clearfix\"><\/div>\n        <\/div>            <div class=\"eael-load-more-button-wrap eael-force-hide\">\n                <button class=\"eael-load-more-button\" id=\"eael-load-more-btn-e3dca01\" data-widget-id=\"e3dca01\" data-widget=\"e3dca01\" data-page-id=\"5638\" data-template=\"{&quot;dir&quot;:&quot;lite&quot;,&quot;file_name&quot;:&quot;three.php&quot;,&quot;name&quot;:&quot;Post-Grid&quot;}\" data-class=\"Essential_Addons_Elementor\\Elements\\Post_Grid\" data-layout=\"grid\" data-page=\"1\" data-args=\"orderby=date&amp;order=desc&amp;ignore_sticky_posts=1&amp;post_status=publish&amp;posts_per_page=&amp;offset=0&amp;post_type=application\" data-max-page=\"9\">\n                    <span class=\"eael-btn-loader button__loader\"><\/span>\n                    <span class=\"eael_load_more_text\">Charger plus<\/span>\n                <\/button>\n            <\/div>\n            \t\t<\/div>\n\t\t\t\t<\/div>\n\t\t\t\t<\/div>\n\t\t\t\t<\/div>\n\t\t\t\t\t<\/div>\n\t\t\t\t<\/div>\n\t\t\t\t<\/div>","protected":false},"excerpt":{"rendered":"<p>Application Aerospace Industry Ultrasonic cleaners are widely used in the aerospace industry for cleaning a variety of components, such as turbine blades, fuel injectors, and engine parts. The technology uses high-frequency sound waves&#8230; Read More Plastic Sector Ultrasonic cleaners are widely used in the plastic sector for cleaning molds, dies, and other equipment used in [&hellip;]<\/p>","protected":false},"author":1,"featured_media":0,"parent":0,"menu_order":0,"comment_status":"closed","ping_status":"closed","template":"","meta":{"_acf_changed":false,"site-sidebar-layout":"no-sidebar","site-content-layout":"page-builder","ast-site-content-layout":"full-width-container","site-content-style":"unboxed","site-sidebar-style":"unboxed","ast-global-header-display":"","ast-banner-title-visibility":"","ast-main-header-display":"","ast-hfb-above-header-display":"","ast-hfb-below-header-display":"","ast-hfb-mobile-header-display":"","site-post-title":"disabled","ast-breadcrumbs-content":"","ast-featured-img":"disabled","footer-sml-layout":"","theme-transparent-header-meta":"disabled","adv-header-id-meta":"","stick-header-meta":"","header-above-stick-meta":"","header-main-stick-meta":"","header-below-stick-meta":"","astra-migrate-meta-layouts":"set","ast-page-background-enabled":"default","ast-page-background-meta":{"desktop":{"background-color":"","background-image":"","background-repeat":"repeat","background-position":"center center","background-size":"auto","background-attachment":"scroll","background-type":"","background-media":"","overlay-type":"","overlay-color":"","overlay-opacity":"","overlay-gradient":""},"tablet":{"background-color":"","background-image":"","background-repeat":"repeat","background-position":"center center","background-size":"auto","background-attachment":"scroll","background-type":"","background-media":"","overlay-type":"","overlay-color":"","overlay-opacity":"","overlay-gradient":""},"mobile":{"background-color":"","background-image":"","background-repeat":"repeat","background-position":"center center","background-size":"auto","background-attachment":"scroll","background-type":"","background-media":"","overlay-type":"","overlay-color":"","overlay-opacity":"","overlay-gradient":""}},"ast-content-background-meta":{"desktop":{"background-color":"var(--ast-global-color-5)","background-image":"","background-repeat":"repeat","background-position":"center center","background-size":"auto","background-attachment":"scroll","background-type":"","background-media":"","overlay-type":"","overlay-color":"","overlay-opacity":"","overlay-gradient":""},"tablet":{"background-color":"var(--ast-global-color-5)","background-image":"","background-repeat":"repeat","background-position":"center center","background-size":"auto","background-attachment":"scroll","background-type":"","background-media":"","overlay-type":"","overlay-color":"","overlay-opacity":"","overlay-gradient":""},"mobile":{"background-color":"var(--ast-global-color-5)","background-image":"","background-repeat":"repeat","background-position":"center center","background-size":"auto","background-attachment":"scroll","background-type":"","background-media":"","overlay-type":"","overlay-color":"","overlay-opacity":"","overlay-gradient":""}},"footnotes":""},"class_list":["post-5638","page","type-page","status-publish","hentry"],"acf":[],"_links":{"self":[{"href":"https:\/\/sonixtek.com\/fr\/wp-json\/wp\/v2\/pages\/5638","targetHints":{"allow":["GET"]}}],"collection":[{"href":"https:\/\/sonixtek.com\/fr\/wp-json\/wp\/v2\/pages"}],"about":[{"href":"https:\/\/sonixtek.com\/fr\/wp-json\/wp\/v2\/types\/page"}],"author":[{"embeddable":true,"href":"https:\/\/sonixtek.com\/fr\/wp-json\/wp\/v2\/users\/1"}],"replies":[{"embeddable":true,"href":"https:\/\/sonixtek.com\/fr\/wp-json\/wp\/v2\/comments?post=5638"}],"version-history":[{"count":0,"href":"https:\/\/sonixtek.com\/fr\/wp-json\/wp\/v2\/pages\/5638\/revisions"}],"wp:attachment":[{"href":"https:\/\/sonixtek.com\/fr\/wp-json\/wp\/v2\/media?parent=5638"}],"curies":[{"name":"wp","href":"https:\/\/api.w.org\/{rel}","templated":true}]}}